{"id":63,"date":"2022-11-23T13:37:21","date_gmt":"2022-11-23T13:37:21","guid":{"rendered":"https:\/\/relaunch.hms.ulm.schule\/?page_id=63"},"modified":"2023-04-11T18:40:42","modified_gmt":"2023-04-11T16:40:42","slug":"hymne-der-hans-multscher-grundschule","status":"publish","type":"page","link":"https:\/\/hans-multscher-ulm.de\/index.php\/hymne-der-hans-multscher-grundschule\/","title":{"rendered":"Hymne der Hans-Multscher-Grundschule"},"content":{"rendered":"\n<div class=\"wp-block-columns is-layout-flex wp-container-core-columns-is-layout-9d6595d7 wp-block-columns-is-layout-flex\">\n<div class=\"wp-block-column is-layout-flow wp-block-column-is-layout-flow\" style=\"flex-basis:100%\">\n<figure class=\"wp-block-gallery has-nested-images columns-default is-cropped wp-block-gallery-1 is-layout-flex wp-block-gallery-is-layout-flex\">\n<figure class=\"wp-block-image size-large is-style-rounded\"><img loading=\"lazy\" decoding=\"async\" width=\"1024\" height=\"666\" data-id=\"64\" src=\"https:\/\/hans-multscher-ulm.de\/wp-content\/uploads\/2022\/11\/musik-large-1024x666.jpg\" alt=\"\" class=\"wp-image-64\" srcset=\"https:\/\/hans-multscher-ulm.de\/wp-content\/uploads\/2022\/11\/musik-large-1024x666.jpg 1024w, https:\/\/hans-multscher-ulm.de\/wp-content\/uploads\/2022\/11\/musik-large-300x195.jpg 300w, https:\/\/hans-multscher-ulm.de\/wp-content\/uploads\/2022\/11\/musik-large-768x499.jpg 768w, https:\/\/hans-multscher-ulm.de\/wp-content\/uploads\/2022\/11\/musik-large.jpg 1421w\" sizes=\"auto, (max-width: 1024px) 100vw, 1024px\" \/><\/figure>\n<\/figure>\n<\/div>\n<\/div>\n\n\n\n<figure class=\"wp-block-audio\"><audio controls src=\"https:\/\/hans-multscher-ulm.de\/wp-content\/uploads\/2023\/04\/Hymne-der-Hans-Multscher-Schule-Ulm-online-audio-converter.com_.mp3\"><\/audio><figcaption class=\"wp-element-caption\">Hymne der Hans Multscher Grundschule Ulm<\/figcaption><\/figure>\n\n\n\n<p class=\"has-medium-font-size\" style=\"font-style:normal;font-weight:400\">Die Multscherschule steht in Ulm<br>am gr\u00fcnen Eselsberg<br>da gehen wir fast jeden Tag<br>mit frischem Mut ans Werk.<\/p>\n\n\n\n<p class=\"has-medium-font-size\" style=\"font-style:normal;font-weight:400\">Hans Multscher schnitzte seinerzeit<br>die Menschen aus &#8217;nem Buchenscheit.<br>Am Eselsberg, im sch\u00f6nen Gr\u00fcn,<br>darf jeder Mensch aus sich erbl\u00fch&#8217;n.<\/p>\n\n\n\n<p class=\"has-medium-font-size\" style=\"font-style:normal;font-weight:400\">Aus vielen L\u00e4ndern kommen wir<br>aus vielerlei Kulturen,<br>und Multikulti hinterl\u00e4sst<br>bei uns recht viele Spuren.<\/p>\n\n\n\n<p class=\"has-medium-font-size\" style=\"font-style:normal;font-weight:400\">Woher komm ich und wie sprichst du?<br>Kein Mensch versteht gleich alles!<br>Doch liegt in unserm Kauderwelsch<br>was Internationales.<\/p>\n\n\n\n<p class=\"has-medium-font-size\" style=\"font-style:normal;font-weight:400\">Und wenn uns mal die Birne raucht<br>dann gehen wir nach drau\u00dfen<br>Im L\u00fcmmelnetz verl\u00fcmmeln wir<br>die Freizeit und die Pausen.<\/p>\n\n\n\n<p class=\"has-medium-font-size\" style=\"font-style:normal;font-weight:400\">Wir denken nach, wir langen zu<br>und lernen neben Einmaleins<br>noch Lesen und auch den Erwerb<br>des Werkzeugf\u00fchrerscheins.<\/p>\n\n\n\n<p class=\"has-medium-font-size\" style=\"font-style:normal;font-weight:400\">Wir tragen unsre Kompetenz<br>in unsre Schule rein.<br>Denn nur was uns am Herzen liegt,<br>das kann auch fruchtbar sein.<\/p>\n\n\n\n<p class=\"has-medium-font-size\" style=\"font-style:normal;font-weight:400\">HaMusikus und Werkstatt und<br>Ern\u00e4hrungsf\u00fchrerschein:<br>das Lernen soll so kunterbunt<br>wie unser Leben sein.<\/p>\n\n\n\n<p class=\"has-medium-font-size\" style=\"font-style:normal;font-weight:400\">Und stinkt uns was, dann gehen wir<br>zum Br\u00fcllen in die H\u00f6hle<br>und br\u00fcllen uns den ganzen Frust<br>mal lautstark von der Seele.<\/p>\n\n\n\n<p class=\"has-medium-font-size\" style=\"font-style:normal;font-weight:400\">Wir bewegen unsern K\u00f6rper, unser Herz und unser Hirn<br>und bieten dem, was kommen mag, auf jeden Fall die Stirn.<br>Wir s\u00e4gen, bohren, b\u00fcffeln und wir lernen dies und das.<br>Ich wei\u00df was, du wei\u00dft was, Schule macht Spa\u00df.<\/p>\n\n\n\n<p class=\"has-medium-font-size\" style=\"font-style:normal;font-weight:400\"><em>Text: Bernd Schmitt&nbsp;&nbsp;&nbsp;&nbsp; <\/em><em>Musik: Andreas Weil<\/em><\/p>\n","protected":false},"excerpt":{"rendered":"<p>Die Multscherschule steht in Ulmam gr\u00fcnen Eselsbergda gehen wir fast jeden Tagmit frischem Mut ans Werk. Hans Multscher schnitzte seinerzeitdie Menschen aus &#8217;nem Buchenscheit.Am Eselsberg, im sch\u00f6nen Gr\u00fcn,darf jeder Mensch aus sich erbl\u00fch&#8217;n. Aus&#46;&#46;&#46;<\/p>\n","protected":false},"author":1,"featured_media":0,"parent":0,"menu_order":0,"comment_status":"closed","ping_status":"closed","template":"","meta":{"_mc_calendar":[],"footnotes":""},"class_list":["post-63","page","type-page","status-publish","hentry"],"_links":{"self":[{"href":"https:\/\/hans-multscher-ulm.de\/index.php\/wp-json\/wp\/v2\/pages\/63","targetHints":{"allow":["GET"]}}],"collection":[{"href":"https:\/\/hans-multscher-ulm.de\/index.php\/wp-json\/wp\/v2\/pages"}],"about":[{"href":"https:\/\/hans-multscher-ulm.de\/index.php\/wp-json\/wp\/v2\/types\/page"}],"author":[{"embeddable":true,"href":"https:\/\/hans-multscher-ulm.de\/index.php\/wp-json\/wp\/v2\/users\/1"}],"replies":[{"embeddable":true,"href":"https:\/\/hans-multscher-ulm.de\/index.php\/wp-json\/wp\/v2\/comments?post=63"}],"version-history":[{"count":3,"href":"https:\/\/hans-multscher-ulm.de\/index.php\/wp-json\/wp\/v2\/pages\/63\/revisions"}],"predecessor-version":[{"id":333,"href":"https:\/\/hans-multscher-ulm.de\/index.php\/wp-json\/wp\/v2\/pages\/63\/revisions\/333"}],"wp:attachment":[{"href":"https:\/\/hans-multscher-ulm.de\/index.php\/wp-json\/wp\/v2\/media?parent=63"}],"curies":[{"name":"wp","href":"https:\/\/api.w.org\/{rel}","templated":true}]}}