{"id":482,"date":"2023-06-28T16:12:14","date_gmt":"2023-06-28T14:12:14","guid":{"rendered":"https:\/\/relaunch.hms.ulm.schule\/?page_id=482"},"modified":"2025-04-07T15:23:16","modified_gmt":"2025-04-07T13:23:16","slug":"anmeldung","status":"publish","type":"page","link":"https:\/\/hans-multscher-ulm.de\/index.php\/anmeldung\/","title":{"rendered":"Anmeldung"},"content":{"rendered":"\n<p>Sehr geehrte Eltern und Sorgeberechtigte,<\/p>\n\n\n\n<p>Sie k\u00f6nnen die Vertragsunterlagen unter dem folgenden Online Link ausf\u00fcllen und ausdrucken. Zur Abgabe bei uns ben\u00f6tigen Sie allerdings dann noch einen Termin vor Ort, den Sie unter dem QR Code unten auf dieser Seite, buchen k\u00f6nnen.<\/p>\n\n\n\n<p>Sie k\u00f6nnen alternativ auch einen Termin buchen ohne die Unterlagen vorher ausgef\u00fcllt und ausgedruckt zu haben und dann alles direkt bei uns vor Ort machen. Auch hierf\u00fcr k\u00f6nnen Sie den QR Code zum Buchen eines Termins nutzen.<\/p>\n\n\n\n<p><\/p>\n\n\n\n<p>Online&nbsp;<strong>Anmeldungsformulare<\/strong>&nbsp;f\u00fcr die&nbsp;<strong>Betreuung<\/strong>:&nbsp; &nbsp; &nbsp;&nbsp;<\/p>\n\n\n\n<p><\/p>\n\n\n\n<p><a href=\"https:\/\/formulare.virtuelles-rathaus.de\/metaform\/Form-Solutions\/sid\/assistant\/5e3a84fa60b2e2191b716127\">https:\/\/formulare.virtuelles-rathaus.de\/metaform\/Form-Solutions\/sid\/assistant\/5e3a84fa60b2e2191b716127<\/a><\/p>\n\n\n\n<p><\/p>\n\n\n\n<p>Online&nbsp;<strong>Anmeldungsformulare<\/strong>&nbsp;f\u00fcr die&nbsp;<strong>Mittagstischverpflegung<\/strong>:<\/p>\n\n\n\n<p><\/p>\n\n\n\n<p><a href=\"https:\/\/formulare.virtuelles-rathaus.de\/metaform\/Form-Solutions\/sid\/assistant\/5bf27139e4b0ff78ec36fdc2\">https:\/\/formulare.virtuelles-rathaus.de\/metaform\/Form-Solutions\/sid\/assistant\/5bf27139e4b0ff78ec36fdc2<\/a><\/p>\n\n\n\n<p><\/p>\n\n\n\n<p>Die Anmeldungsformulare k\u00f6nnen auch in der Betreuung abgeholt oder, falls Unterst\u00fctzung ben\u00f6tigt wird, gemeinsam ausgef\u00fcllt werden.<\/p>\n\n\n\n<p>Terminbuchung m\u00f6glich unter:<\/p>\n\n\n\n<p><\/p>\n\n\n\n<figure class=\"wp-block-image size-full is-resized\"><img loading=\"lazy\" decoding=\"async\" width=\"181\" height=\"181\" src=\"https:\/\/hans-multscher-ulm.de\/wp-content\/uploads\/2025\/04\/Schulkindbetreuung.jpg\" alt=\"\" class=\"wp-image-1008\" style=\"width:230px;height:auto\" srcset=\"https:\/\/hans-multscher-ulm.de\/wp-content\/uploads\/2025\/04\/Schulkindbetreuung.jpg 181w, https:\/\/hans-multscher-ulm.de\/wp-content\/uploads\/2025\/04\/Schulkindbetreuung-150x150.jpg 150w, https:\/\/hans-multscher-ulm.de\/wp-content\/uploads\/2025\/04\/Schulkindbetreuung-80x80.jpg 80w\" sizes=\"auto, (max-width: 181px) 100vw, 181px\" \/><\/figure>\n\n\n\n<p><\/p>\n\n\n\n<p><a href=\"https:\/\/calendly.com\/daniel-bendigs-awo-ulm\/30min\">https:\/\/calendly.com\/daniel-bendigs-awo-ulm\/30min<\/a><\/p>\n\n\n\n<p><\/p>\n\n\n\n<p>Mit freundlichen Gr\u00fc\u00dfen,<\/p>\n\n\n\n<p><strong>Daniel Bendigs<\/strong><\/p>\n\n\n\n<p>(DHBW B.A. Sozialp\u00e4dagoge)<\/p>\n\n\n\n<p>Leitung der AWO Schulkindbetreuung &#8222;Bee-City&#8220;<\/p>\n\n\n\n<p>an der Multscherschule Ulm<\/p>\n\n\n\n<p>Tel.:&nbsp;&nbsp;&nbsp;&nbsp;&nbsp;&nbsp;&nbsp;&nbsp;&nbsp; 0731\/ 161-2995<\/p>\n\n\n\n<p>Mail to:&nbsp;&nbsp;&nbsp;<a href=\"mailto:d.bendigs@ulm.de\" target=\"_blank\" rel=\"noreferrer noopener\">d.bendigs@ulm.de<\/a><\/p>\n\n\n\n<figure class=\"wp-block-image size-full is-resized\"><img loading=\"lazy\" decoding=\"async\" width=\"779\" height=\"584\" src=\"https:\/\/hans-multscher-ulm.de\/wp-content\/uploads\/2023\/06\/Betreuung-Logo.jpg\" alt=\"\" class=\"wp-image-445\" style=\"width:477px;height:auto\" srcset=\"https:\/\/hans-multscher-ulm.de\/wp-content\/uploads\/2023\/06\/Betreuung-Logo.jpg 779w, https:\/\/hans-multscher-ulm.de\/wp-content\/uploads\/2023\/06\/Betreuung-Logo-300x225.jpg 300w, https:\/\/hans-multscher-ulm.de\/wp-content\/uploads\/2023\/06\/Betreuung-Logo-768x576.jpg 768w\" sizes=\"auto, (max-width: 779px) 100vw, 779px\" \/><\/figure>\n\n\n\n<p><\/p>\n\n\n\n<p>Folge uns auf Instagram&nbsp;&nbsp;&nbsp;<\/p>\n\n\n\n<p><a href=\"https:\/\/www.instagram.com\/awo_ulm\">https:\/\/www.instagram.com\/awo_ulm<\/a><\/p>\n\n\n\n<p><a target=\"_blank\" href=\"https:\/\/www.instagram.com\/awo_ulm\/\" rel=\"noreferrer noopener\"><\/a><\/p>\n\n\n\n<p>Amtsgericht Ulm VR 1195<\/p>\n\n\n\n<p>Vorsitzende: B. Baron-Cipold<\/p>\n","protected":false},"excerpt":{"rendered":"<p>Sehr geehrte Eltern und Sorgeberechtigte, Sie k\u00f6nnen die Vertragsunterlagen unter dem folgenden Online Link ausf\u00fcllen und ausdrucken. Zur Abgabe bei uns ben\u00f6tigen Sie allerdings dann noch einen Termin vor Ort, den Sie unter dem&#46;&#46;&#46;<\/p>\n","protected":false},"author":3,"featured_media":0,"parent":0,"menu_order":0,"comment_status":"closed","ping_status":"closed","template":"","meta":{"_mc_calendar":[],"footnotes":""},"class_list":["post-482","page","type-page","status-publish","hentry"],"_links":{"self":[{"href":"https:\/\/hans-multscher-ulm.de\/index.php\/wp-json\/wp\/v2\/pages\/482","targetHints":{"allow":["GET"]}}],"collection":[{"href":"https:\/\/hans-multscher-ulm.de\/index.php\/wp-json\/wp\/v2\/pages"}],"about":[{"href":"https:\/\/hans-multscher-ulm.de\/index.php\/wp-json\/wp\/v2\/types\/page"}],"author":[{"embeddable":true,"href":"https:\/\/hans-multscher-ulm.de\/index.php\/wp-json\/wp\/v2\/users\/3"}],"replies":[{"embeddable":true,"href":"https:\/\/hans-multscher-ulm.de\/index.php\/wp-json\/wp\/v2\/comments?post=482"}],"version-history":[{"count":6,"href":"https:\/\/hans-multscher-ulm.de\/index.php\/wp-json\/wp\/v2\/pages\/482\/revisions"}],"predecessor-version":[{"id":1014,"href":"https:\/\/hans-multscher-ulm.de\/index.php\/wp-json\/wp\/v2\/pages\/482\/revisions\/1014"}],"wp:attachment":[{"href":"https:\/\/hans-multscher-ulm.de\/index.php\/wp-json\/wp\/v2\/media?parent=482"}],"curies":[{"name":"wp","href":"https:\/\/api.w.org\/{rel}","templated":true}]}}