{"id":187,"date":"2023-02-24T13:03:32","date_gmt":"2023-02-24T13:03:32","guid":{"rendered":"https:\/\/relaunch.hms.ulm.schule\/?page_id=187"},"modified":"2023-06-28T16:33:32","modified_gmt":"2023-06-28T14:33:32","slug":"betreuung","status":"publish","type":"page","link":"https:\/\/hans-multscher-ulm.de\/index.php\/betreuung\/","title":{"rendered":"Betreuung"},"content":{"rendered":"\n<p>WILLKOMMEN in der Betreuung der Hans-Multscher-Schule &#8222;BEE CITY&#8220;<\/p>\n\n\n\n<figure class=\"wp-block-image alignwide size-full\"><img loading=\"lazy\" decoding=\"async\" width=\"711\" height=\"481\" src=\"https:\/\/hans-multscher-ulm.de\/wp-content\/uploads\/2023\/06\/Betreuung.png\" alt=\"\" class=\"wp-image-442\" srcset=\"https:\/\/hans-multscher-ulm.de\/wp-content\/uploads\/2023\/06\/Betreuung.png 711w, https:\/\/hans-multscher-ulm.de\/wp-content\/uploads\/2023\/06\/Betreuung-300x203.png 300w\" sizes=\"auto, (max-width: 711px) 100vw, 711px\" \/><\/figure>\n\n\n\n<p><\/p>\n\n\n\n<p><strong><u>Liebe Eltern, liebe Sorgeberechtigte, liebe Kinder,<\/u><\/strong><\/p>\n\n\n\n<p>Die Grundsch\u00fcler und -sch\u00fclerinnen der Hans-Multscher-Schule m\u00fcssen nach dem Unterricht nicht sofort nach Hause gehen: Unsere Betreuung bietet den Eltern eine verl\u00e4ssliche Struktur, um Familie und Beruf zu vereinbaren.<\/p>\n\n\n\n<p>Eine Sicherheit in der Tagesstruktur, sowie die M\u00f6glichkeit f\u00fcr die Kinder, sich einzubringen und den Nachmittag spielerisch mitzugestalten, schaffen beste Voraussetzungen, um zu lernen und um Spa\u00df zu haben.<\/p>\n\n\n\n<p><\/p>\n\n\n<div class=\"wp-block-image\">\n<figure class=\"aligncenter size-full\"><img loading=\"lazy\" decoding=\"async\" width=\"779\" height=\"584\" src=\"https:\/\/hans-multscher-ulm.de\/wp-content\/uploads\/2023\/06\/Betreuung-Logo.jpg\" alt=\"\" class=\"wp-image-445\" srcset=\"https:\/\/hans-multscher-ulm.de\/wp-content\/uploads\/2023\/06\/Betreuung-Logo.jpg 779w, https:\/\/hans-multscher-ulm.de\/wp-content\/uploads\/2023\/06\/Betreuung-Logo-300x225.jpg 300w, https:\/\/hans-multscher-ulm.de\/wp-content\/uploads\/2023\/06\/Betreuung-Logo-768x576.jpg 768w\" sizes=\"auto, (max-width: 779px) 100vw, 779px\" \/><\/figure>\n<\/div>\n\n\n<p><\/p>\n\n\n\n<div class=\"wp-block-columns is-layout-flex wp-container-core-columns-is-layout-9d6595d7 wp-block-columns-is-layout-flex\">\n<div class=\"wp-block-column is-layout-flow wp-block-column-is-layout-flow\" style=\"flex-basis:100%\"><div class=\"wp-block-image\">\n<figure class=\"alignleft size-full\"><img loading=\"lazy\" decoding=\"async\" width=\"185\" height=\"184\" src=\"https:\/\/hans-multscher-ulm.de\/wp-content\/uploads\/2023\/06\/Logo-Stadt-Ulm.jpg\" alt=\"\" class=\"wp-image-467\" srcset=\"https:\/\/hans-multscher-ulm.de\/wp-content\/uploads\/2023\/06\/Logo-Stadt-Ulm.jpg 185w, https:\/\/hans-multscher-ulm.de\/wp-content\/uploads\/2023\/06\/Logo-Stadt-Ulm-150x150.jpg 150w, https:\/\/hans-multscher-ulm.de\/wp-content\/uploads\/2023\/06\/Logo-Stadt-Ulm-80x80.jpg 80w\" sizes=\"auto, (max-width: 185px) 100vw, 185px\" \/><\/figure>\n<\/div>\n\n<div class=\"wp-block-image\">\n<figure class=\"alignright size-large is-resized\"><img loading=\"lazy\" decoding=\"async\" src=\"https:\/\/hans-multscher-ulm.de\/wp-content\/uploads\/2023\/06\/Logo-AWO-1024x408.jpg\" alt=\"\" class=\"wp-image-468\" width=\"494\" height=\"196\" srcset=\"https:\/\/hans-multscher-ulm.de\/wp-content\/uploads\/2023\/06\/Logo-AWO-1024x408.jpg 1024w, https:\/\/hans-multscher-ulm.de\/wp-content\/uploads\/2023\/06\/Logo-AWO-300x120.jpg 300w, https:\/\/hans-multscher-ulm.de\/wp-content\/uploads\/2023\/06\/Logo-AWO-768x306.jpg 768w, https:\/\/hans-multscher-ulm.de\/wp-content\/uploads\/2023\/06\/Logo-AWO.jpg 1379w\" sizes=\"auto, (max-width: 494px) 100vw, 494px\" \/><\/figure>\n<\/div><\/div>\n<\/div>\n","protected":false},"excerpt":{"rendered":"<p>WILLKOMMEN in der Betreuung der Hans-Multscher-Schule &#8222;BEE CITY&#8220; Liebe Eltern, liebe Sorgeberechtigte, liebe Kinder, Die Grundsch\u00fcler und -sch\u00fclerinnen der Hans-Multscher-Schule m\u00fcssen nach dem Unterricht nicht sofort nach Hause gehen: Unsere Betreuung bietet den Eltern&#46;&#46;&#46;<\/p>\n","protected":false},"author":3,"featured_media":0,"parent":0,"menu_order":0,"comment_status":"closed","ping_status":"closed","template":"","meta":{"_mc_calendar":[],"footnotes":""},"class_list":["post-187","page","type-page","status-publish","hentry"],"_links":{"self":[{"href":"https:\/\/hans-multscher-ulm.de\/index.php\/wp-json\/wp\/v2\/pages\/187","targetHints":{"allow":["GET"]}}],"collection":[{"href":"https:\/\/hans-multscher-ulm.de\/index.php\/wp-json\/wp\/v2\/pages"}],"about":[{"href":"https:\/\/hans-multscher-ulm.de\/index.php\/wp-json\/wp\/v2\/types\/page"}],"author":[{"embeddable":true,"href":"https:\/\/hans-multscher-ulm.de\/index.php\/wp-json\/wp\/v2\/users\/3"}],"replies":[{"embeddable":true,"href":"https:\/\/hans-multscher-ulm.de\/index.php\/wp-json\/wp\/v2\/comments?post=187"}],"version-history":[{"count":18,"href":"https:\/\/hans-multscher-ulm.de\/index.php\/wp-json\/wp\/v2\/pages\/187\/revisions"}],"predecessor-version":[{"id":504,"href":"https:\/\/hans-multscher-ulm.de\/index.php\/wp-json\/wp\/v2\/pages\/187\/revisions\/504"}],"wp:attachment":[{"href":"https:\/\/hans-multscher-ulm.de\/index.php\/wp-json\/wp\/v2\/media?parent=187"}],"curies":[{"name":"wp","href":"https:\/\/api.w.org\/{rel}","templated":true}]}}